{"id":61,"date":"2024-02-08T20:14:58","date_gmt":"2024-02-08T19:14:58","guid":{"rendered":"http:\/\/iihaa.usac.edu.gt\/?page_id=61"},"modified":"2024-02-08T20:55:49","modified_gmt":"2024-02-08T19:55:49","slug":"archivo-hemerografico","status":"publish","type":"page","link":"https:\/\/iihaa.usac.edu.gt\/?page_id=61","title":{"rendered":"Revista Estudios"},"content":{"rendered":"\n<p>Estudios es una revista con publicaci\u00f3n pr\u00e1cticamente continua durante los \u00faltimos 50 a\u00f1os. Es la revista del Instituto de Investigaciones Hist\u00f3ricas, Antropol\u00f3gicas y Arqueol\u00f3gicas -IIHAA- de la Universidad de San Carlos de Guatemala.&nbsp; Ha sido el \u00f3rgano de divulgaci\u00f3n de los conocimientos generados de manera principal por los investigadores titulares y auxiliares del IIHAA y de manera general de todos los y las acad\u00e9micos de la Escuela de Historia. Estudios ha publicado resultados de investigaciones y trabajos acad\u00e9micos de relevancia producidos por la Escuela de Historia y tambi\u00e9n por otras instituciones de la Universidad o de otras universidades. Est\u00e1 dedicada principalmente a las tres disciplinas que conforman el \u00e1rea de investigaci\u00f3n de la Escuela de Historia: Historia, Antropolog\u00eda y Arqueolog\u00eda pero est\u00e1 abierta a otras disciplinas sociales. Estudios constituye hoy un anuario, aunque durante alg\u00fan tiempo se publicaban tres n\u00fameros al a\u00f1o.<\/p>\n\n\n\n<p><\/p>\n","protected":false},"excerpt":{"rendered":"<p>Estudios es una revista con publicaci\u00f3n pr\u00e1cticamente continua durante los \u00faltimos 50 a\u00f1os. Es la revista del Instituto de Investigaciones Hist\u00f3ricas, Antropol\u00f3gicas y Arqueol\u00f3gicas -IIHAA- de la Universidad de San Carlos de Guatemala.&nbsp; Ha sido el \u00f3rgano de divulgaci\u00f3n de los conocimientos generados de manera principal por los investigadores titulares y auxiliares del IIHAA y [&hellip;]<\/p>\n","protected":false},"author":1,"featured_media":87,"parent":0,"menu_order":0,"comment_status":"closed","ping_status":"closed","template":"","meta":{"footnotes":""},"class_list":["post-61","page","type-page","status-publish","has-post-thumbnail","czr-hentry"],"_links":{"self":[{"href":"https:\/\/iihaa.usac.edu.gt\/index.php?rest_route=\/wp\/v2\/pages\/61","targetHints":{"allow":["GET"]}}],"collection":[{"href":"https:\/\/iihaa.usac.edu.gt\/index.php?rest_route=\/wp\/v2\/pages"}],"about":[{"href":"https:\/\/iihaa.usac.edu.gt\/index.php?rest_route=\/wp\/v2\/types\/page"}],"author":[{"embeddable":true,"href":"https:\/\/iihaa.usac.edu.gt\/index.php?rest_route=\/wp\/v2\/users\/1"}],"replies":[{"embeddable":true,"href":"https:\/\/iihaa.usac.edu.gt\/index.php?rest_route=%2Fwp%2Fv2%2Fcomments&post=61"}],"version-history":[{"count":7,"href":"https:\/\/iihaa.usac.edu.gt\/index.php?rest_route=\/wp\/v2\/pages\/61\/revisions"}],"predecessor-version":[{"id":78,"href":"https:\/\/iihaa.usac.edu.gt\/index.php?rest_route=\/wp\/v2\/pages\/61\/revisions\/78"}],"wp:featuredmedia":[{"embeddable":true,"href":"https:\/\/iihaa.usac.edu.gt\/index.php?rest_route=\/wp\/v2\/media\/87"}],"wp:attachment":[{"href":"https:\/\/iihaa.usac.edu.gt\/index.php?rest_route=%2Fwp%2Fv2%2Fmedia&parent=61"}],"curies":[{"name":"wp","href":"https:\/\/api.w.org\/{rel}","templated":true}]}}