{"id":16,"date":"2024-02-06T22:33:13","date_gmt":"2024-02-06T21:33:13","guid":{"rendered":"http:\/\/iihaa.usac.edu.gt\/?page_id=16"},"modified":"2024-02-08T20:55:33","modified_gmt":"2024-02-08T19:55:33","slug":"lineas-de-investigacion","status":"publish","type":"page","link":"https:\/\/iihaa.usac.edu.gt\/?page_id=16","title":{"rendered":"L\u00edneas de Investigaci\u00f3n"},"content":{"rendered":"\n<p>El Programa de Investigaci\u00f3n en Historia del IIHAA es el conjunto de objetivos, directrices, subprogramas, l\u00edneas y proyectos de investigaci\u00f3n del \u00e1rea de historia de la instituci\u00f3n, definidos de acuerdo con los fines de la Universidad de San Carlos de Guatemala y la Escuela de Historia para el estudio hist\u00f3rico de la realidad nacional, as\u00ed como de la relaci\u00f3n de Guatemala con la regi\u00f3n mesoamericana, de acuerdo con la definici\u00f3n de temas, sujetos y problemas prioritarios y diversas perspectivas de an\u00e1lisis.<\/p>\n\n\n\n<p>El programa de investigaci\u00f3n en historia del IIHAA es un marco de referencia construido de acuerdo con los campos de especialidad y los proyectos que actualmente desarrollan los investigadores del \u00e1rea.<\/p>\n\n\n\n<p>En el a\u00f1o 2014 se definieron tres subprogramas de investigaci\u00f3n dentro del programa de historia del IIHAA, planteados desde una perspectiva metodol\u00f3gica amplia, abierta a la diversidad de enfoques, a la combinaci\u00f3n de elementos de uno o m\u00e1s subprogramas, as\u00ed como al intercambio con otras disciplinas. En el a\u00f1o 2015 se realiz\u00f3 una revisi\u00f3n del programa para incluir nuevos subprogramas y nuevas l\u00edneas de investigaci\u00f3n, as\u00ed como redefinir algunos aspectos:<\/p>\n\n\n\n<div class=\"wp-block-columns alignfull has-white-color has-text-color has-background has-link-color wp-elements-2603fe0941b0dc34ed4c0ddee593cd51 is-layout-flex wp-container-core-columns-is-layout-9d6595d7 wp-block-columns-is-layout-flex\" style=\"background-color:#39a935\">\n<div class=\"wp-block-column is-layout-flow wp-block-column-is-layout-flow\"><\/div>\n\n\n\n<div class=\"wp-block-column is-layout-flow wp-block-column-is-layout-flow\">\n<ul class=\"wp-block-list\">\n<li class=\"has-medium-font-size\">I. Historia pol\u00edtica<\/li>\n\n\n\n<li class=\"has-medium-font-size\">II. Historia intelectual<\/li>\n\n\n\n<li class=\"has-medium-font-size\">III. Historia econ\u00f3mica y social<\/li>\n\n\n\n<li class=\"has-medium-font-size\">IV. Historia de g\u00e9nero, mujeres y familia<\/li>\n\n\n\n<li class=\"has-medium-font-size\">V. Historia del arte<\/li>\n<\/ul>\n<\/div>\n\n\n\n<div class=\"wp-block-column is-layout-flow wp-block-column-is-layout-flow\"><\/div>\n<\/div>\n\n\n\n<p>Los cinco subprogramas comprenden diversas l\u00edneas de investigaci\u00f3n que se entienden como la definici\u00f3n conceptual y metodol\u00f3gica de grandes problemas de investigaci\u00f3n hist\u00f3rica y que permiten la definici\u00f3n de proyectos de corto, mediano y largo plazo, de acuerdo con los intereses y campos de especialidad de los investigadores. La divisi\u00f3n de las l\u00edneas y proyectos de investigaci\u00f3n responden a la necesidad de exponer p\u00fablicamente el quehacer del IIHAA, pero no agota las posibilidades de proyectos espec\u00edficos que podr\u00edan integrar diversas perspectivas de an\u00e1lisis para integrar dos o m\u00e1s l\u00edneas de investigaci\u00f3n.<\/p>\n\n\n\n<div class=\"wp-block-buttons is-content-justification-right is-layout-flex wp-container-core-buttons-is-layout-765c4724 wp-block-buttons-is-layout-flex\">\n<div class=\"wp-block-button\"><a class=\"wp-block-button__link wp-element-button\" href=\"http:\/\/iihaa.usac.edu.gt\/wp-content\/uploads\/2024\/02\/Lineas-de-investigacion-2016.pdf\" style=\"border-radius:0px\" target=\"_blank\" rel=\"noreferrer noopener\">Descargar Documento PDF<\/a><\/div>\n<\/div>\n","protected":false},"excerpt":{"rendered":"<p>El Programa de Investigaci\u00f3n en Historia del IIHAA es el conjunto de objetivos, directrices, subprogramas, l\u00edneas y proyectos de investigaci\u00f3n del \u00e1rea de historia de la instituci\u00f3n, definidos de acuerdo con los fines de la Universidad de San Carlos de Guatemala y la Escuela de Historia para el estudio hist\u00f3rico de la realidad nacional, as\u00ed [&hellip;]<\/p>\n","protected":false},"author":1,"featured_media":86,"parent":0,"menu_order":0,"comment_status":"closed","ping_status":"closed","template":"","meta":{"footnotes":""},"class_list":["post-16","page","type-page","status-publish","has-post-thumbnail","czr-hentry"],"_links":{"self":[{"href":"https:\/\/iihaa.usac.edu.gt\/index.php?rest_route=\/wp\/v2\/pages\/16","targetHints":{"allow":["GET"]}}],"collection":[{"href":"https:\/\/iihaa.usac.edu.gt\/index.php?rest_route=\/wp\/v2\/pages"}],"about":[{"href":"https:\/\/iihaa.usac.edu.gt\/index.php?rest_route=\/wp\/v2\/types\/page"}],"author":[{"embeddable":true,"href":"https:\/\/iihaa.usac.edu.gt\/index.php?rest_route=\/wp\/v2\/users\/1"}],"replies":[{"embeddable":true,"href":"https:\/\/iihaa.usac.edu.gt\/index.php?rest_route=%2Fwp%2Fv2%2Fcomments&post=16"}],"version-history":[{"count":4,"href":"https:\/\/iihaa.usac.edu.gt\/index.php?rest_route=\/wp\/v2\/pages\/16\/revisions"}],"predecessor-version":[{"id":84,"href":"https:\/\/iihaa.usac.edu.gt\/index.php?rest_route=\/wp\/v2\/pages\/16\/revisions\/84"}],"wp:featuredmedia":[{"embeddable":true,"href":"https:\/\/iihaa.usac.edu.gt\/index.php?rest_route=\/wp\/v2\/media\/86"}],"wp:attachment":[{"href":"https:\/\/iihaa.usac.edu.gt\/index.php?rest_route=%2Fwp%2Fv2%2Fmedia&parent=16"}],"curies":[{"name":"wp","href":"https:\/\/api.w.org\/{rel}","templated":true}]}}