{"id":14,"date":"2024-02-06T22:32:39","date_gmt":"2024-02-06T21:32:39","guid":{"rendered":"http:\/\/iihaa.usac.edu.gt\/?page_id=14"},"modified":"2024-06-21T00:54:22","modified_gmt":"2024-06-20T22:54:22","slug":"mision-y-vision","status":"publish","type":"page","link":"https:\/\/iihaa.usac.edu.gt\/?page_id=14","title":{"rendered":"Misi\u00f3n y Visi\u00f3n"},"content":{"rendered":"\n<p>El Instituto de Investigaciones Hist\u00f3ricas, Antropol\u00f3gicas y Arqueol\u00f3gicas -IIHAA- es la unidad de investigaci\u00f3n de la Escuela de Historia.&nbsp; Fue creado por acuerdo del Consejo Superior Universitario, seg\u00fan punto 12 del acta No. 783 correspondiente a la sesi\u00f3n celebrada el 10 de febrero de 1962 como unidad dependiente de la Escuela de Historia de la Universidad de San Carlos.<\/p>\n\n\n\n<p>El IIHAA surgi\u00f3 dentro del departamento de Historia de la Facultad de Humanidades, pero fue hasta que la Escuela de Historia fue creada como un organismo independiente, que \u00e9ste inici\u00f3 una actividad dirigida al estudio sistem\u00e1tico de la historia, la antropolog\u00eda y la arqueolog\u00eda.&nbsp; En esta segunda etapa la primera directora fue la Licenciada Norma Garc\u00eda Mainieri, a quien siguieron los Licenciados Edgar Barillas, Edeliberto Cifuentes, todos historiadores, los sucedi\u00f3 el Licenciado en Arqueolog\u00eda Oscar Rolando Guti\u00e9rrez y finalmente asumi\u00f3 la responsabilidad el Doctor Oscar Pel\u00e1ez Almengor.<\/p>\n\n\n\n<p>De 1996 al 2003, la Coordinaci\u00f3n de esta Unidad estuvo a cargo del Licenciado Haroldo Rodas. Del 2003 al 2005 fue coordinado por la Licenciada Lesbia Ortiz Mart\u00ednez, y del 2005 al 2012 por el Doctor \u00c1ngel Valdez, de 2013 a 2017 la coordinaci\u00f3n estuvo a cargo de la Maestra Regina Fuentes Oliva, y de 2018 a la fecha el IIHAA est\u00e1 coordinado por el Mtro. Ricardo Danilo Dard\u00f3n Flores.<\/p>\n\n\n\n<p>Esta dependencia planifica y desarrolla la investigaci\u00f3n y actividades de apoyo a las \u00e1reas de docencia de la Escuela de Historia, fortalece los nexos con los dem\u00e1s centros de investigaci\u00f3n existentes dentro de la Universidad de San Carlos y que integran el Consejo Superior de Investigaci\u00f3n como \u00f3rgano rector de este campo dentro de la Direcci\u00f3n General de Investigaci\u00f3n \u2013DIGI-.<\/p>\n\n\n\n<p>La labor del IIHAA persigue tambi\u00e9n un enlace con organismos dedicados a la investigaci\u00f3n fuera de la Universidad de San Carlos, especialmente con los dedicados a las disciplinas afines, tanto, de otras universidades existentes en el pa\u00eds, as\u00ed como de organismos no Gubernamentales y Centros de Investigaci\u00f3n del \u00e1rea social-human\u00edstica.<\/p>\n\n\n\n<p>En los \u00faltimos a\u00f1os los investigadores del Instituto han producido numerosas investigaciones, cuyos resultados han sido difundidos en: la Revista Estudios, los Boletines Informativos y de manera m\u00e1s reciente la revista electr\u00f3nica Estudios Digital que constituyen los \u00f3rganos espec\u00edficos.<\/p>\n\n\n\n<p>De forma paralela&nbsp;a la producci\u00f3n editorial se han producido obras en la Serie Cuadernos de Aportes y publicaciones especiales, as\u00ed como coediciones con algunas otras instituciones afines que contemplan objetivos de beneficio para las ciencias sociales y la salvaguardia del legado cultural de Guatemala. Estas publicaciones son distribuidas gratuitamente entre los estudiantes y docentes de las distintas \u00e1reas de la Escuela de Historia.&nbsp; Otra parte es destinada al canje nacional e internacional con organismos y centros de investigaci\u00f3n de Guatemala y el extranjero, con el fin de ampliar la colecci\u00f3n de trabajos cient\u00edfico-sociales del Centro de Documentaci\u00f3n y la biblioteca de nuestra casa de estudios.<\/p>\n","protected":false},"excerpt":{"rendered":"<p>El Instituto de Investigaciones Hist\u00f3ricas, Antropol\u00f3gicas y Arqueol\u00f3gicas -IIHAA- es la unidad de investigaci\u00f3n de la Escuela de Historia.&nbsp; Fue creado por acuerdo del Consejo Superior Universitario, seg\u00fan punto 12 del acta No. 783 correspondiente a la sesi\u00f3n celebrada el 10 de febrero de 1962 como unidad dependiente de la Escuela de Historia de la [&hellip;]<\/p>\n","protected":false},"author":1,"featured_media":0,"parent":0,"menu_order":0,"comment_status":"closed","ping_status":"closed","template":"","meta":{"footnotes":""},"class_list":["post-14","page","type-page","status-publish","czr-hentry"],"_links":{"self":[{"href":"https:\/\/iihaa.usac.edu.gt\/index.php?rest_route=\/wp\/v2\/pages\/14","targetHints":{"allow":["GET"]}}],"collection":[{"href":"https:\/\/iihaa.usac.edu.gt\/index.php?rest_route=\/wp\/v2\/pages"}],"about":[{"href":"https:\/\/iihaa.usac.edu.gt\/index.php?rest_route=\/wp\/v2\/types\/page"}],"author":[{"embeddable":true,"href":"https:\/\/iihaa.usac.edu.gt\/index.php?rest_route=\/wp\/v2\/users\/1"}],"replies":[{"embeddable":true,"href":"https:\/\/iihaa.usac.edu.gt\/index.php?rest_route=%2Fwp%2Fv2%2Fcomments&post=14"}],"version-history":[{"count":2,"href":"https:\/\/iihaa.usac.edu.gt\/index.php?rest_route=\/wp\/v2\/pages\/14\/revisions"}],"predecessor-version":[{"id":119,"href":"https:\/\/iihaa.usac.edu.gt\/index.php?rest_route=\/wp\/v2\/pages\/14\/revisions\/119"}],"wp:attachment":[{"href":"https:\/\/iihaa.usac.edu.gt\/index.php?rest_route=%2Fwp%2Fv2%2Fmedia&parent=14"}],"curies":[{"name":"wp","href":"https:\/\/api.w.org\/{rel}","templated":true}]}}