{"id":12,"date":"2024-02-06T22:32:22","date_gmt":"2024-02-06T21:32:22","guid":{"rendered":"http:\/\/iihaa.usac.edu.gt\/?page_id=12"},"modified":"2024-06-21T00:52:27","modified_gmt":"2024-06-20T22:52:27","slug":"quienes-somos","status":"publish","type":"page","link":"https:\/\/iihaa.usac.edu.gt\/?page_id=12","title":{"rendered":"\u00bfQui\u00e9nes somos?"},"content":{"rendered":"\n<h2 class=\"wp-block-heading has-text-color has-link-color wp-elements-48be28f6712274521bf8b967b2912e90\" style=\"color:#0e8b00\">Instituto de Investigaciones Hist\u00f3ricas, Antropol\u00f3gicas y Arqueol\u00f3gicas -IIHAA-<\/h2>\n\n\n\n<p>Es la unidad de la Escuela de Historia que gestiona y ejecuta la investigaci\u00f3n en las tres \u00e1reas disciplinares que comprende la misma. Fue creado por decreto del Consejo Superior Universitario. Con una trayectoria de m\u00e1s de 50 a\u00f1os de investigaci\u00f3n en ciencias sociales y casi una veintena de investigadores tiene una gran producci\u00f3n que se traduce en libros, art\u00edculos cient\u00edficos, seminarios, talleres y sobre todo, en la prestaci\u00f3n de servicios a la comunidad guatemalteca en sus diferentes \u00e1reas.<\/p>\n","protected":false},"excerpt":{"rendered":"<p>Instituto de Investigaciones Hist\u00f3ricas, Antropol\u00f3gicas y Arqueol\u00f3gicas -IIHAA- Es la unidad de la Escuela de Historia que gestiona y ejecuta la investigaci\u00f3n en las tres \u00e1reas disciplinares que comprende la misma. Fue creado por decreto del Consejo Superior Universitario. Con una trayectoria de m\u00e1s de 50 a\u00f1os de investigaci\u00f3n en ciencias sociales y casi una [&hellip;]<\/p>\n","protected":false},"author":1,"featured_media":0,"parent":0,"menu_order":0,"comment_status":"closed","ping_status":"closed","template":"","meta":{"footnotes":""},"class_list":["post-12","page","type-page","status-publish","czr-hentry"],"_links":{"self":[{"href":"https:\/\/iihaa.usac.edu.gt\/index.php?rest_route=\/wp\/v2\/pages\/12","targetHints":{"allow":["GET"]}}],"collection":[{"href":"https:\/\/iihaa.usac.edu.gt\/index.php?rest_route=\/wp\/v2\/pages"}],"about":[{"href":"https:\/\/iihaa.usac.edu.gt\/index.php?rest_route=\/wp\/v2\/types\/page"}],"author":[{"embeddable":true,"href":"https:\/\/iihaa.usac.edu.gt\/index.php?rest_route=\/wp\/v2\/users\/1"}],"replies":[{"embeddable":true,"href":"https:\/\/iihaa.usac.edu.gt\/index.php?rest_route=%2Fwp%2Fv2%2Fcomments&post=12"}],"version-history":[{"count":2,"href":"https:\/\/iihaa.usac.edu.gt\/index.php?rest_route=\/wp\/v2\/pages\/12\/revisions"}],"predecessor-version":[{"id":51,"href":"https:\/\/iihaa.usac.edu.gt\/index.php?rest_route=\/wp\/v2\/pages\/12\/revisions\/51"}],"wp:attachment":[{"href":"https:\/\/iihaa.usac.edu.gt\/index.php?rest_route=%2Fwp%2Fv2%2Fmedia&parent=12"}],"curies":[{"name":"wp","href":"https:\/\/api.w.org\/{rel}","templated":true}]}}