{"id":10,"date":"2024-02-06T22:31:58","date_gmt":"2024-02-06T21:31:58","guid":{"rendered":"http:\/\/iihaa.usac.edu.gt\/?page_id=10"},"modified":"2024-06-21T01:35:50","modified_gmt":"2024-06-20T23:35:50","slug":"contactenos","status":"publish","type":"page","link":"https:\/\/iihaa.usac.edu.gt\/?page_id=10","title":{"rendered":"Cont\u00e1ctenos"},"content":{"rendered":"\n<p>Coordinaci\u00f3n IIHAA<br>Dr. Jos\u00e9 Edgardo Cal Montoya<br>e-mail: josecalmontoya@gmail.com<\/p>\n\n\n\n<p><\/p>\n\n\n\n<p>Escuela de Historia, Instituto de Investigaciones Hist\u00f3ricas, Antropol\u00f3gicas y Arqueol\u00f3gicas, Universidad de San Carlos de Guatemala.<br>Edificio S-1, Tercern nivel, Ciudad Universitaria zona 12, Guatemala.<br>Telefono: (502) 2418-8802, 2418-8804<\/p>\n\n\n\n<p><\/p>\n\n\n\n<p><\/p>\n\n\n\n<p><\/p>\n\n\n\n<div class=\"wp-block-buttons is-content-justification-center is-layout-flex wp-container-core-buttons-is-layout-16018d1d wp-block-buttons-is-layout-flex\">\n<div class=\"wp-block-button is-style-outline is-style-outline--1\"><a class=\"wp-block-button__link wp-element-button\" href=\"https:\/\/www.facebook.com\/iihaa.usac\" target=\"_blank\" rel=\"noreferrer noopener\"><mark style=\"background-color:rgba(0, 0, 0, 0)\" class=\"has-inline-color has-vivid-green-cyan-color\">Facebook<\/mark><\/a><\/div>\n<\/div>\n","protected":false},"excerpt":{"rendered":"<p>Coordinaci\u00f3n IIHAADr. Jos\u00e9 Edgardo Cal Montoyae-mail: josecalmontoya@gmail.com Escuela de Historia, Instituto de Investigaciones Hist\u00f3ricas, Antropol\u00f3gicas y Arqueol\u00f3gicas, Universidad de San Carlos de Guatemala.Edificio S-1, Tercern nivel, Ciudad Universitaria zona 12, Guatemala.Telefono: (502) 2418-8802, 2418-8804<\/p>\n","protected":false},"author":1,"featured_media":0,"parent":0,"menu_order":0,"comment_status":"closed","ping_status":"closed","template":"","meta":{"footnotes":""},"class_list":["post-10","page","type-page","status-publish","czr-hentry"],"_links":{"self":[{"href":"https:\/\/iihaa.usac.edu.gt\/index.php?rest_route=\/wp\/v2\/pages\/10","targetHints":{"allow":["GET"]}}],"collection":[{"href":"https:\/\/iihaa.usac.edu.gt\/index.php?rest_route=\/wp\/v2\/pages"}],"about":[{"href":"https:\/\/iihaa.usac.edu.gt\/index.php?rest_route=\/wp\/v2\/types\/page"}],"author":[{"embeddable":true,"href":"https:\/\/iihaa.usac.edu.gt\/index.php?rest_route=\/wp\/v2\/users\/1"}],"replies":[{"embeddable":true,"href":"https:\/\/iihaa.usac.edu.gt\/index.php?rest_route=%2Fwp%2Fv2%2Fcomments&post=10"}],"version-history":[{"count":8,"href":"https:\/\/iihaa.usac.edu.gt\/index.php?rest_route=\/wp\/v2\/pages\/10\/revisions"}],"predecessor-version":[{"id":133,"href":"https:\/\/iihaa.usac.edu.gt\/index.php?rest_route=\/wp\/v2\/pages\/10\/revisions\/133"}],"wp:attachment":[{"href":"https:\/\/iihaa.usac.edu.gt\/index.php?rest_route=%2Fwp%2Fv2%2Fmedia&parent=10"}],"curies":[{"name":"wp","href":"https:\/\/api.w.org\/{rel}","templated":true}]}}